{"id":1905,"date":"2025-11-05T12:39:53","date_gmt":"2025-11-05T12:39:53","guid":{"rendered":"https:\/\/weblager.com\/?page_id=1905"},"modified":"2026-03-13T12:52:27","modified_gmt":"2026-03-13T11:52:27","slug":"careers","status":"publish","type":"page","link":"https:\/\/weblager.com\/sv\/careers\/","title":{"rendered":"[t key=\"menu::jobPositions\"]"},"content":{"rendered":"\t\t<div data-elementor-type=\"wp-page\" data-elementor-id=\"1905\" class=\"elementor elementor-1905\" data-elementor-post-type=\"page\">\n\t\t\t\t<div class=\"elementor-element elementor-element-e97bc23 e-flex e-con-boxed e-con e-parent\" data-id=\"e97bc23\" data-element_type=\"container\" data-e-type=\"container\">\n\t\t\t\t\t<div class=\"e-con-inner\">\n\t\t<div class=\"elementor-element elementor-element-734001d e-con-full e-flex e-con e-child\" data-id=\"734001d\" data-element_type=\"container\" data-e-type=\"container\" data-settings=\"{&quot;background_background&quot;:&quot;classic&quot;}\">\n\t\t<div class=\"elementor-element elementor-element-d8dd369 e-con-full e-flex e-con e-child\" data-id=\"d8dd369\" data-element_type=\"container\" data-e-type=\"container\">\n\t\t\t\t<div class=\"elementor-element elementor-element-7826d7a elementor-absolute elementor-hidden-tablet elementor-hidden-mobile elementor-widget elementor-widget-image\" data-id=\"7826d7a\" data-element_type=\"widget\" data-e-type=\"widget\" data-settings=\"{&quot;_position&quot;:&quot;absolute&quot;}\" data-widget_type=\"image.default\">\n\t\t\t\t\t\t\t\t\t\t\t\t\t\t\t<img fetchpriority=\"high\" decoding=\"async\" width=\"298\" height=\"328\" src=\"https:\/\/weblager.com\/wp-content\/uploads\/2025\/09\/Frame-2147236701-1.svg\" class=\"attachment-medium size-medium wp-image-166\" alt=\"\" \/>\t\t\t\t\t\t\t\t\t\t\t\t\t\t\t<\/div>\n\t\t<div class=\"elementor-element elementor-element-3eebd33 e-con-full e-flex e-con e-child\" data-id=\"3eebd33\" data-element_type=\"container\" data-e-type=\"container\">\n\t\t\t\t<div class=\"elementor-element elementor-element-79ba767 elementor-widget__width-inherit elementor-widget-tablet__width-inherit elementor-widget-mobile__width-inherit elementor-widget elementor-widget-heading\" data-id=\"79ba767\" data-element_type=\"widget\" data-e-type=\"widget\" data-widget_type=\"heading.default\">\n\t\t\t\t\t<h2 class=\"elementor-heading-title elementor-size-default\">Bli en del av <span class=\"highlight-word\"> WebLager<span class=\"trade-mark\">\u00ae<\/span><\/span>\n\n<\/h2>\t\t\t\t<\/div>\n\t\t\t\t<div class=\"elementor-element elementor-element-20c286c elementor-widget__width-initial elementor-widget-tablet__width-inherit elementor-widget elementor-widget-text-editor\" data-id=\"20c286c\" data-element_type=\"widget\" data-e-type=\"widget\" data-widget_type=\"text-editor.default\">\n\t\t\t\t\t\t\t\t\tHj\u00e4lp oss att bevara kunskap och bygga smartare digitala arkiv f\u00f6r alla.\t\t\t\t\t\t\t\t<\/div>\n\t\t\t\t<\/div>\n\t\t\t\t<div class=\"elementor-element elementor-element-5e6b5c0 elementor-absolute elementor-hidden-tablet elementor-hidden-mobile elementor-widget elementor-widget-image\" data-id=\"5e6b5c0\" data-element_type=\"widget\" data-e-type=\"widget\" data-settings=\"{&quot;_position&quot;:&quot;absolute&quot;}\" data-widget_type=\"image.default\">\n\t\t\t\t\t\t\t\t\t\t\t\t\t\t\t<img decoding=\"async\" width=\"450\" height=\"315\" src=\"https:\/\/weblager.com\/wp-content\/uploads\/2025\/09\/right.svg\" class=\"attachment-medium size-medium wp-image-168\" alt=\"\" \/>\t\t\t\t\t\t\t\t\t\t\t\t\t\t\t<\/div>\n\t\t\t\t<\/div>\n\t\t\t\t<\/div>\n\t\t<div class=\"elementor-element elementor-element-8906ed4 e-con-full e-flex e-con e-child\" data-id=\"8906ed4\" data-element_type=\"container\" data-e-type=\"container\">\n\t\t<div class=\"elementor-element elementor-element-15e5a56 e-con-full e-flex e-con e-child\" data-id=\"15e5a56\" data-element_type=\"container\" data-e-type=\"container\">\n\t\t<div class=\"elementor-element elementor-element-b54e421 e-con-full e-flex e-con e-child\" data-id=\"b54e421\" data-element_type=\"container\" data-e-type=\"container\">\n\t\t\t\t<div class=\"elementor-element elementor-element-fcfc715 elementor-widget elementor-widget-video\" data-id=\"fcfc715\" data-element_type=\"widget\" data-e-type=\"widget\" data-settings=\"{&quot;video_type&quot;:&quot;vimeo&quot;}\" data-widget_type=\"video.default\">\n\t\t\t\t\t\t\t<div class=\"elementor-wrapper elementor-open-inline\">\n\t\t\t<iframe class=\"elementor-video-iframe\" allowfullscreen allow=\"clipboard-write\" title=\"vimeo-videospelare\" src=\"https:\/\/player.vimeo.com\/video\/1173260691?color&amp;autopause=0&amp;loop=0&amp;muted=0&amp;title=1&amp;portrait=1&amp;byline=1#t=\"><\/iframe>\t\t<\/div>\n\t\t\t\t\t\t<\/div>\n\t\t\t\t<\/div>\n\t\t<div class=\"elementor-element elementor-element-ec2561a e-con-full e-flex e-con e-child\" data-id=\"ec2561a\" data-element_type=\"container\" data-e-type=\"container\">\n\t\t\t\t<div class=\"elementor-element elementor-element-05bfe0b elementor-widget elementor-widget-heading\" data-id=\"05bfe0b\" data-element_type=\"widget\" data-e-type=\"widget\" data-widget_type=\"heading.default\">\n\t\t\t\t\t<h2 class=\"elementor-heading-title elementor-size-default\">Vad vi st\u00e5r f\u00f6r<\/h2>\t\t\t\t<\/div>\n\t\t\t\t<div class=\"elementor-element elementor-element-f1dce83 elementor-widget__width-inherit text-element elementor-widget elementor-widget-text-editor\" data-id=\"f1dce83\" data-element_type=\"widget\" data-e-type=\"widget\" data-widget_type=\"text-editor.default\">\n\t\t\t\t\t\t\t\t\tHos Weblager<span class=\"trade-mark\">\u00ae<\/span> kommer <strong>m\u00e4nniskorna f\u00f6rst<\/strong>. \n<br>\nVi tror att en stark laganda \u00e4r nyckeln till att g\u00f6ra ett bra jobb. \n<br>\nVi anser att arbetet ska anpassas efter din vardag, inte tv\u00e4rtom.  \n<br>\nVi v\u00e4rdes\u00e4tter en v\u00e4nlig och samarbetsinriktad atmosf\u00e4r d\u00e4r alla k\u00e4nner sig v\u00e4lkomna och st\u00f6dda.\n<br> <br>\n\n<strong>D\u00e4rf\u00f6r erbjuder vi:<\/strong> Flexibla arbetstider, kvartalsvisa teambuilding-evenemang, gemensam frukost p\u00e5 fredagar och firande av helgens b\u00f6rjan med en drink efter jobbet.\t\t\t\t\t\t\t\t<\/div>\n\t\t\t\t<\/div>\n\t\t\t\t<\/div>\n\t\t\t\t<\/div>\n\t\t<div class=\"elementor-element elementor-element-b8fa6a3 e-con-full e-flex e-con e-child\" data-id=\"b8fa6a3\" data-element_type=\"container\" data-e-type=\"container\">\n\t\t<div class=\"elementor-element elementor-element-cf0e68f e-con-full e-flex e-con e-child\" data-id=\"cf0e68f\" data-element_type=\"container\" data-e-type=\"container\">\n\t\t\t\t<div class=\"elementor-element elementor-element-fb77a73 elementor-grid-1 elementor-widget__width-inherit elementor-grid-tablet-1 elementor-grid-mobile-1 elementor-widget elementor-widget-loop-grid\" data-id=\"fb77a73\" data-element_type=\"widget\" data-e-type=\"widget\" data-settings=\"{&quot;template_id&quot;:1947,&quot;columns&quot;:1,&quot;columns_tablet&quot;:1,&quot;_skin&quot;:&quot;post&quot;,&quot;columns_mobile&quot;:&quot;1&quot;,&quot;edit_handle_selector&quot;:&quot;[data-elementor-type=\\&quot;loop-item\\&quot;]&quot;,&quot;row_gap&quot;:{&quot;unit&quot;:&quot;px&quot;,&quot;size&quot;:&quot;&quot;,&quot;sizes&quot;:[]},&quot;row_gap_laptop&quot;:{&quot;unit&quot;:&quot;px&quot;,&quot;size&quot;:&quot;&quot;,&quot;sizes&quot;:[]},&quot;row_gap_tablet&quot;:{&quot;unit&quot;:&quot;px&quot;,&quot;size&quot;:&quot;&quot;,&quot;sizes&quot;:[]},&quot;row_gap_mobile&quot;:{&quot;unit&quot;:&quot;px&quot;,&quot;size&quot;:&quot;&quot;,&quot;sizes&quot;:[]}}\" data-widget_type=\"loop-grid.post\">\n\t\t\t\t<div class=\"elementor-widget-container\">\n\t\t\t\t\t\t\t<div class=\"e-loop-nothing-found-message\">\n\t\t\t\t\t<div class=\"e-loop-nothing-found-message__text\">\n\t\t\t\tF\u00f6r n\u00e4rvarande finns inga lediga tj\u00e4nster.\t\t\t<\/div>\n\t\t\t<\/div>\n\t\t\t\t\t\t<\/div>\n\t\t\t\t<\/div>\n\t\t\t\t<\/div>\n\t\t\t\t<\/div>\n\t\t<div class=\"elementor-element elementor-element-bee4f16 e-con-full elementor-hidden-tablet elementor-hidden-mobile e-flex e-con e-child\" data-id=\"bee4f16\" data-element_type=\"container\" data-e-type=\"container\">\n\t\t<div class=\"elementor-element elementor-element-d7deb47 e-con-full e-flex e-con e-child\" data-id=\"d7deb47\" data-element_type=\"container\" data-e-type=\"container\">\n\t\t<div class=\"elementor-element elementor-element-b0b48ef e-con-full e-flex e-con e-child\" data-id=\"b0b48ef\" data-element_type=\"container\" data-e-type=\"container\" data-settings=\"{&quot;background_background&quot;:&quot;classic&quot;}\">\n\t\t\t\t<\/div>\n\t\t<div class=\"elementor-element elementor-element-16e1d57 e-con-full e-flex e-con e-child\" data-id=\"16e1d57\" data-element_type=\"container\" data-e-type=\"container\" data-settings=\"{&quot;background_background&quot;:&quot;classic&quot;}\">\n\t\t\t\t<div class=\"elementor-element elementor-element-26147a7 elementor-widget__width-inherit elementor-widget elementor-widget-heading\" data-id=\"26147a7\" data-element_type=\"widget\" data-e-type=\"widget\" data-widget_type=\"heading.default\">\n\t\t\t\t\t<h2 class=\"elementor-heading-title elementor-size-default\">Ser du ingen roll f\u00f6r dig?<\/h2>\t\t\t\t<\/div>\n\t\t\t\t<div class=\"elementor-element elementor-element-8fe5517 elementor-widget__width-inherit text-element elementor-widget elementor-widget-text-editor\" data-id=\"8fe5517\" data-element_type=\"widget\" data-e-type=\"widget\" data-widget_type=\"text-editor.default\">\n\t\t\t\t\t\t\t\t\t \u00c4ven om du inte hittar en ledig tj\u00e4nst som matchar din profil kan du alltid skicka ditt CV till \n<a href=\"mailto:job@weblager.dk\" class=\"email-green\">job@weblager.dk<\/a>\n tillsammans med en kort beskrivning av varf\u00f6r du vill bli en del av v\u00e5rt team. \n <br>\n Vi \u00e4lskar att uppt\u00e4cka nya talanger med nya ber\u00e4ttelser.\t\t\t\t\t\t\t\t<\/div>\n\t\t\t\t<\/div>\n\t\t\t\t<\/div>\n\t\t\t\t<\/div>\n\t\t<div class=\"elementor-element elementor-element-3a3da81 e-con-full elementor-hidden-desktop elementor-hidden-laptop e-flex e-con e-child\" data-id=\"3a3da81\" data-element_type=\"container\" data-e-type=\"container\" data-settings=\"{&quot;background_background&quot;:&quot;classic&quot;}\">\n\t\t<div class=\"elementor-element elementor-element-e3748be e-con-full e-flex e-con e-child\" data-id=\"e3748be\" data-element_type=\"container\" data-e-type=\"container\" data-settings=\"{&quot;background_background&quot;:&quot;classic&quot;}\">\n\t\t\t\t<div class=\"elementor-element elementor-element-2f0cef5 elementor-widget__width-inherit elementor-widget elementor-widget-heading\" data-id=\"2f0cef5\" data-element_type=\"widget\" data-e-type=\"widget\" data-widget_type=\"heading.default\">\n\t\t\t\t\t<h2 class=\"elementor-heading-title elementor-size-default\">Ser du ingen roll f\u00f6r dig?<\/h2>\t\t\t\t<\/div>\n\t\t\t\t<div class=\"elementor-element elementor-element-d067203 elementor-widget__width-inherit text-element elementor-widget elementor-widget-text-editor\" data-id=\"d067203\" data-element_type=\"widget\" data-e-type=\"widget\" data-widget_type=\"text-editor.default\">\n\t\t\t\t\t\t\t\t\t \u00c4ven om du inte hittar en ledig tj\u00e4nst som matchar din profil kan du alltid skicka ditt CV till \n<a href=\"mailto:job@weblager.dk\" class=\"email-green\">job@weblager.dk<\/a>\n tillsammans med en kort beskrivning av varf\u00f6r du vill bli en del av v\u00e5rt team. \n <br>\n Vi \u00e4lskar att uppt\u00e4cka nya talanger med nya ber\u00e4ttelser.\t\t\t\t\t\t\t\t<\/div>\n\t\t\t\t<\/div>\n\t\t\t\t<\/div>\n\t\t\t\t\t<\/div>\n\t\t\t\t<\/div>\n\t\t\t\t<\/div>\n\t\t","protected":false},"excerpt":{"rendered":"<p>https:\/\/vimeo.com\/1173260691?share=copy&#038;fl=sv&#038;fe=ci<\/p>\n","protected":false},"author":3,"featured_media":0,"parent":0,"menu_order":0,"comment_status":"closed","ping_status":"closed","template":"","meta":{"_acf_changed":false,"footnotes":""},"class_list":["post-1905","page","type-page","status-publish","hentry"],"acf":[],"_links":{"self":[{"href":"https:\/\/weblager.com\/sv\/wp-json\/wp\/v2\/pages\/1905","targetHints":{"allow":["GET"]}}],"collection":[{"href":"https:\/\/weblager.com\/sv\/wp-json\/wp\/v2\/pages"}],"about":[{"href":"https:\/\/weblager.com\/sv\/wp-json\/wp\/v2\/types\/page"}],"author":[{"embeddable":true,"href":"https:\/\/weblager.com\/sv\/wp-json\/wp\/v2\/users\/3"}],"replies":[{"embeddable":true,"href":"https:\/\/weblager.com\/sv\/wp-json\/wp\/v2\/comments?post=1905"}],"version-history":[{"count":25,"href":"https:\/\/weblager.com\/sv\/wp-json\/wp\/v2\/pages\/1905\/revisions"}],"predecessor-version":[{"id":7298,"href":"https:\/\/weblager.com\/sv\/wp-json\/wp\/v2\/pages\/1905\/revisions\/7298"}],"wp:attachment":[{"href":"https:\/\/weblager.com\/sv\/wp-json\/wp\/v2\/media?parent=1905"}],"curies":[{"name":"wp","href":"https:\/\/api.w.org\/{rel}","templated":true}]}}